{"id":47,"date":"2021-01-26T13:20:02","date_gmt":"2021-01-26T13:20:02","guid":{"rendered":"https:\/\/ponza-a-vela.it\/?page_id=47"},"modified":"2024-07-16T10:08:40","modified_gmt":"2024-07-16T10:08:40","slug":"il-nuovo-umoma-apre-i-battenti-2","status":"publish","type":"page","link":"https:\/\/ponza-a-vela.it\/","title":{"rendered":"Home"},"content":{"rendered":"\n<p><\/p>\n\n\n<p>\u00a0<\/p>\n<p><em>Lasciatevi incantare dalla magia delle acque cristalline di Ponza, Palmarola e Zannone. Siamo l\u2019unica barca a vela a Ponza condotta da un ponzese doc. <\/em><\/p>\n<p><em>Con piacere vi accompagneremo durante tutto il vostro soggiorno . Offriamo \u00a0escursioni giornaliere e notturne in giro per le isole pontine. <\/em><\/p>\n<p><em>La barca e una Jeanneau\u00a0 Sun Dance di 11m. composta di 3 cabine doppie, due bagni con doccia e la dinette con una capacit\u00e0 di max. 7 ospiti a bordo. Ci sono ampi spazi per prendere il sole in coperta. Un gommoncino \u00e8 a disposizione per visitare le cale pi\u00f9 belle e le grotte nascoste\u2026<\/em><\/p>\n<p><em>Le nostre opzioni:<\/em><\/p>\n<p><em>Giornaliero: <\/em><\/p>\n<p><em>Goditi il fascino della barca a vela per una giornata indimenticabile intorno a Ponza, Palmarola e Zannone, con pranzo servito a tavola dal comandante. Vi accompagniamo nelle grotte pi\u00f9 belle con spiegazioni su fauna e flora marina della zona. Inoltre \u00e8 a disposizione l\u2019attrezzatura per lo snorkeling.<\/em><\/p>\n<p>\u00a0<\/p>\n<p><em>Serale: <\/em><\/p>\n<p><em>Partenza il pomeriggio, aperitivo al tramonto, cena sotto le stelle. Il servizio sar\u00e0 personalizzato con maggiore flessibilit\u00e0 per un\u2019esperienza unica!<\/em><\/p>\n<p>\u00a0<\/p>\n<p><em>La cambusa\u00a0<\/em><\/p>\n<p><em>La nostra filosofia \u00e8 di utilizzare, per quanto possibile, prodotti locali e di stagione, provenienti da piccoli produttori della zona e del pesce pescato sul posto. Una cucina sana e autentica nella tradizione ponzese. Date un\u2019occhiata al nostro blog dove vi proponiamo regolarmente ricette ponzesi!<\/em><\/p>\n<p><em>Contact: 351 9274409<\/em><\/p>\n<p><em>Noleggio occasionale art.49 bis D<\/em><\/p>","protected":false},"excerpt":{"rendered":"<p>\u00a0<br \/>\nLasciatevi incantare dalla magia delle acque cristalline di Ponza, Palmarola e Zannone. Siamo l\u2019unica barca a vela a Ponza condotta da un ponzese doc.<br \/>\nCon piacere vi accompagneremo durante tutto &#8230;<\/p>\n","protected":false},"author":1,"featured_media":220,"parent":0,"menu_order":0,"comment_status":"closed","ping_status":"closed","template":"","meta":{"footnotes":""},"class_list":["post-47","page","type-page","status-publish","has-post-thumbnail","hentry"],"yoast_head":"<!-- This site is optimized with the Yoast SEO plugin v26.8 - https:\/\/yoast.com\/product\/yoast-seo-wordpress\/ -->\n<title>Home - Ponza a vela<\/title>\n<meta name=\"robots\" content=\"index, follow, max-snippet:-1, max-image-preview:large, max-video-preview:-1\" \/>\n<link rel=\"canonical\" href=\"https:\/\/ponza-a-vela.it\/\" \/>\n<meta property=\"og:locale\" content=\"it_IT\" \/>\n<meta property=\"og:type\" content=\"article\" \/>\n<meta property=\"og:title\" content=\"Home - Ponza a vela\" \/>\n<meta property=\"og:description\" content=\"\u00a0 Lasciatevi incantare dalla magia delle acque cristalline di Ponza, Palmarola e Zannone. Siamo l\u2019unica barca a vela a Ponza condotta da un ponzese doc. Con piacere vi accompagneremo durante tutto ...\" \/>\n<meta property=\"og:url\" content=\"https:\/\/ponza-a-vela.it\/\" \/>\n<meta property=\"og:site_name\" content=\"Ponza a vela\" \/>\n<meta property=\"article:modified_time\" content=\"2024-07-16T10:08:40+00:00\" \/>\n<meta property=\"og:image\" content=\"https:\/\/ponza-a-vela.it\/wp-content\/uploads\/2021\/02\/TRGQ6581.jpg\" \/>\n\t<meta property=\"og:image:width\" content=\"1440\" \/>\n\t<meta property=\"og:image:height\" content=\"1440\" \/>\n\t<meta property=\"og:image:type\" content=\"image\/jpeg\" \/>\n<meta name=\"twitter:card\" content=\"summary_large_image\" \/>\n<meta name=\"twitter:label1\" content=\"Tempo di lettura stimato\" \/>\n\t<meta name=\"twitter:data1\" content=\"2 minuti\" \/>\n<script type=\"application\/ld+json\" class=\"yoast-schema-graph\">{\"@context\":\"https:\/\/schema.org\",\"@graph\":[{\"@type\":\"WebPage\",\"@id\":\"https:\/\/ponza-a-vela.it\/\",\"url\":\"https:\/\/ponza-a-vela.it\/\",\"name\":\"Home - Ponza a vela\",\"isPartOf\":{\"@id\":\"https:\/\/ponza-a-vela.it\/#website\"},\"primaryImageOfPage\":{\"@id\":\"https:\/\/ponza-a-vela.it\/#primaryimage\"},\"image\":{\"@id\":\"https:\/\/ponza-a-vela.it\/#primaryimage\"},\"thumbnailUrl\":\"https:\/\/ponza-a-vela.it\/wp-content\/uploads\/2021\/02\/TRGQ6581.jpg\",\"datePublished\":\"2021-01-26T13:20:02+00:00\",\"dateModified\":\"2024-07-16T10:08:40+00:00\",\"breadcrumb\":{\"@id\":\"https:\/\/ponza-a-vela.it\/#breadcrumb\"},\"inLanguage\":\"it-IT\",\"potentialAction\":[{\"@type\":\"ReadAction\",\"target\":[\"https:\/\/ponza-a-vela.it\/\"]}]},{\"@type\":\"ImageObject\",\"inLanguage\":\"it-IT\",\"@id\":\"https:\/\/ponza-a-vela.it\/#primaryimage\",\"url\":\"https:\/\/ponza-a-vela.it\/wp-content\/uploads\/2021\/02\/TRGQ6581.jpg\",\"contentUrl\":\"https:\/\/ponza-a-vela.it\/wp-content\/uploads\/2021\/02\/TRGQ6581.jpg\",\"width\":1440,\"height\":1440},{\"@type\":\"BreadcrumbList\",\"@id\":\"https:\/\/ponza-a-vela.it\/#breadcrumb\",\"itemListElement\":[{\"@type\":\"ListItem\",\"position\":1,\"name\":\"Home\",\"item\":\"https:\/\/ponza-a-vela.it\/\"},{\"@type\":\"ListItem\",\"position\":2,\"name\":\"Home\"}]},{\"@type\":\"WebSite\",\"@id\":\"https:\/\/ponza-a-vela.it\/#website\",\"url\":\"https:\/\/ponza-a-vela.it\/\",\"name\":\"Ponza a vela\",\"description\":\"vivere il mare a 360\u00b0\",\"potentialAction\":[{\"@type\":\"SearchAction\",\"target\":{\"@type\":\"EntryPoint\",\"urlTemplate\":\"https:\/\/ponza-a-vela.it\/?s={search_term_string}\"},\"query-input\":{\"@type\":\"PropertyValueSpecification\",\"valueRequired\":true,\"valueName\":\"search_term_string\"}}],\"inLanguage\":\"it-IT\"}]}<\/script>\n<!-- \/ Yoast SEO plugin. -->","yoast_head_json":{"title":"Home - Ponza a vela","robots":{"index":"index","follow":"follow","max-snippet":"max-snippet:-1","max-image-preview":"max-image-preview:large","max-video-preview":"max-video-preview:-1"},"canonical":"https:\/\/ponza-a-vela.it\/","og_locale":"it_IT","og_type":"article","og_title":"Home - Ponza a vela","og_description":"\u00a0 Lasciatevi incantare dalla magia delle acque cristalline di Ponza, Palmarola e Zannone. Siamo l\u2019unica barca a vela a Ponza condotta da un ponzese doc. Con piacere vi accompagneremo durante tutto ...","og_url":"https:\/\/ponza-a-vela.it\/","og_site_name":"Ponza a vela","article_modified_time":"2024-07-16T10:08:40+00:00","og_image":[{"width":1440,"height":1440,"url":"https:\/\/ponza-a-vela.it\/wp-content\/uploads\/2021\/02\/TRGQ6581.jpg","type":"image\/jpeg"}],"twitter_card":"summary_large_image","twitter_misc":{"Tempo di lettura stimato":"2 minuti"},"schema":{"@context":"https:\/\/schema.org","@graph":[{"@type":"WebPage","@id":"https:\/\/ponza-a-vela.it\/","url":"https:\/\/ponza-a-vela.it\/","name":"Home - Ponza a vela","isPartOf":{"@id":"https:\/\/ponza-a-vela.it\/#website"},"primaryImageOfPage":{"@id":"https:\/\/ponza-a-vela.it\/#primaryimage"},"image":{"@id":"https:\/\/ponza-a-vela.it\/#primaryimage"},"thumbnailUrl":"https:\/\/ponza-a-vela.it\/wp-content\/uploads\/2021\/02\/TRGQ6581.jpg","datePublished":"2021-01-26T13:20:02+00:00","dateModified":"2024-07-16T10:08:40+00:00","breadcrumb":{"@id":"https:\/\/ponza-a-vela.it\/#breadcrumb"},"inLanguage":"it-IT","potentialAction":[{"@type":"ReadAction","target":["https:\/\/ponza-a-vela.it\/"]}]},{"@type":"ImageObject","inLanguage":"it-IT","@id":"https:\/\/ponza-a-vela.it\/#primaryimage","url":"https:\/\/ponza-a-vela.it\/wp-content\/uploads\/2021\/02\/TRGQ6581.jpg","contentUrl":"https:\/\/ponza-a-vela.it\/wp-content\/uploads\/2021\/02\/TRGQ6581.jpg","width":1440,"height":1440},{"@type":"BreadcrumbList","@id":"https:\/\/ponza-a-vela.it\/#breadcrumb","itemListElement":[{"@type":"ListItem","position":1,"name":"Home","item":"https:\/\/ponza-a-vela.it\/"},{"@type":"ListItem","position":2,"name":"Home"}]},{"@type":"WebSite","@id":"https:\/\/ponza-a-vela.it\/#website","url":"https:\/\/ponza-a-vela.it\/","name":"Ponza a vela","description":"vivere il mare a 360\u00b0","potentialAction":[{"@type":"SearchAction","target":{"@type":"EntryPoint","urlTemplate":"https:\/\/ponza-a-vela.it\/?s={search_term_string}"},"query-input":{"@type":"PropertyValueSpecification","valueRequired":true,"valueName":"search_term_string"}}],"inLanguage":"it-IT"}]}},"_links":{"self":[{"href":"https:\/\/ponza-a-vela.it\/index.php\/wp-json\/wp\/v2\/pages\/47","targetHints":{"allow":["GET"]}}],"collection":[{"href":"https:\/\/ponza-a-vela.it\/index.php\/wp-json\/wp\/v2\/pages"}],"about":[{"href":"https:\/\/ponza-a-vela.it\/index.php\/wp-json\/wp\/v2\/types\/page"}],"author":[{"embeddable":true,"href":"https:\/\/ponza-a-vela.it\/index.php\/wp-json\/wp\/v2\/users\/1"}],"replies":[{"embeddable":true,"href":"https:\/\/ponza-a-vela.it\/index.php\/wp-json\/wp\/v2\/comments?post=47"}],"version-history":[{"count":19,"href":"https:\/\/ponza-a-vela.it\/index.php\/wp-json\/wp\/v2\/pages\/47\/revisions"}],"predecessor-version":[{"id":517,"href":"https:\/\/ponza-a-vela.it\/index.php\/wp-json\/wp\/v2\/pages\/47\/revisions\/517"}],"wp:featuredmedia":[{"embeddable":true,"href":"https:\/\/ponza-a-vela.it\/index.php\/wp-json\/wp\/v2\/media\/220"}],"wp:attachment":[{"href":"https:\/\/ponza-a-vela.it\/index.php\/wp-json\/wp\/v2\/media?parent=47"}],"curies":[{"name":"wp","href":"https:\/\/api.w.org\/{rel}","templated":true}]}}